{"id":2,"date":"2020-04-27T14:58:08","date_gmt":"2020-04-27T14:58:08","guid":{"rendered":"https:\/\/maolal.com\/?page_id=2"},"modified":"2022-10-20T12:22:50","modified_gmt":"2022-10-20T12:22:50","slug":"sample-page","status":"publish","type":"page","link":"https:\/\/maolal.com\/de\/sample-page\/","title":{"rendered":"Home-old"},"content":{"rendered":"<p>[vc_row css=&#8220;.vc_custom_1588025764280{margin-top: 50px !important;margin-right: 0px !important;margin-bottom: 50px !important;border-top-width: 0px !important;border-right-width: 0px !important;padding-top: 0px !important;padding-right: 0px !important;}&#8220; el_id=&#8220;about&#8220;][vc_column css=&#8220;.vc_custom_1588018298236{margin-top: 0px !important;padding-top: 0px !important;}&#8220;][vc_column_text]<\/p>\n<h3>ABOUT MAO LAL<\/h3>\n<h4>ENTREPRENEUR \/ INVESTOR \/ AUTOR<\/h4>\n<p><img loading=\"lazy\" class=\"alignright size-full wp-image-62\" style=\"padding: 10px;\" src=\"https:\/\/maolal.com\/wp-content\/uploads\/2020\/04\/mao-lal-vortrag.jpg\" alt=\"\" width=\"480\" height=\"530\" srcset=\"https:\/\/maolal.com\/wp-content\/uploads\/2020\/04\/mao-lal-vortrag.jpg 480w, https:\/\/maolal.com\/wp-content\/uploads\/2020\/04\/mao-lal-vortrag-272x300.jpg 272w\" sizes=\"(max-width: 480px) 100vw, 480px\" \/><\/p>\n<p>\u201eLeben kommt durch Erleben, alles Andere ist nur existieren!\u201c &#8211; Dabei handelt es sich um ein Motto, das Mao Lal bereits seit \u00fcber 17 Jahren als Entrepreneur und Investor begleitet. Mao Lal hat bewusst auf eine hohe Diversifikation bei seinen Projekten geachtet und dementsprechend gehandelt. Mittlerweile kann er eine Vielzahl von Unternehmungen und Beteiligungen in verschiedenen Branchenzweigen vorweisen.<\/p>\n<p>Nach seiner milit\u00e4rischen Laufbahn mit den Schwerpunkten Operationsf\u00fchrung, Projektmanagement und Menschenf\u00fchrung, dem Erwerb des Offizierspatent (Diplom) sowie der Qualifikation zum Betriebswirt, legte Mao Lal 2003 mit dem Handel von Edelmetallen den Grundstein f\u00fcr seinen heutigen Erfolg. Als Inhaber und Gesch\u00e4ftsf\u00fchrer des Deutschen Edelmetallhaus und mit der Ver\u00f6ffentlichung von Fachb\u00fcchern zum Thema Gold hat sich Mao Lal zu einem gefragten Experten im Bereich der Edelmetalle etabliert.<\/p>\n<p>Mit seinem ausgepr\u00e4gten Gesp\u00fcr f\u00fcr Innovationen geh\u00f6rt Mao Lal dar\u00fcber hinaus zu den erfolgreichsten Entrepreneuren im Bereich der Blockchain- Technologie. Schon fr\u00fch erkannte er das Potenzial der revolution\u00e4ren Technologie. Der Fokus liegt aktuell auf der Digitalisierung von Anlageklassen. Eigene Blockchain\/ STO Projekte befinden sich auf dem internationalen Markt oder in unterschiedlichen Entwicklungsstadien. Gelauncht wurde vor Kurzem das Projekt Coinygram &#8211; die eigene Exchangeplattform.<\/p>\n<p>Mit der Bitson Management GmbH entwickelt und f\u00f6rdert Mao Lal f\u00fcr Kunden Blockchain-Projekte und die Digitalisierung von Unternehmungen. Zielorientiert bringt er neben seiner Erfahrung in der Projektentwicklung, einem weltweiten Netzwerk und einer internationalen Vertriebsstruktur auch den ungeb\u00e4ndigten Spirit mit, um weitere Projekte an den stark wachsenden Markt zu bringen.[\/vc_column_text][\/vc_column][\/vc_row][vc_row full_width=&#8220;stretch_row&#8220; equal_height=&#8220;yes&#8220; css=&#8220;.vc_custom_1605383911641{margin-bottom: 0px !important;border-bottom-width: 0px !important;padding-bottom: 0px !important;background-color: #dadada !important;}&#8220; el_id=&#8220;publications&#8220;][vc_column][vc_raw_html]JTNDaDMlMjBzdHlsZSUzRCUyMnRleHQtYWxpZ24lM0FjZW50ZXIlMjIlM0VWRVIlQzMlOTZGRkVOVExJQ0hVTkclM0MlMkZoMyUzRQ==[\/vc_raw_html][ultimate_carousel title_text_typography=&#8220;&#8220; slides_on_desk=&#8220;3&#8243; slides_on_tabs=&#8220;2&#8243; slides_on_mob=&#8220;1&#8243; item_space=&#8220;35&#8243;][vc_row_inner css=&#8220;.vc_custom_1605383865141{padding: 25px !important;background-color: #f2f2f2 !important;}&#8220;][vc_column_inner width=&#8220;1\/2&#8243;][vc_single_image image=&#8220;118&#8243; img_size=&#8220;full&#8220; alignment=&#8220;right&#8220; onclick=&#8220;custom_link&#8220; img_link_target=&#8220;_blank&#8220; link=&#8220;https:\/\/www.amazon.de\/Endlich-reich-sein-finanziellen-Unabhngigkeit\/dp\/3000667601\/&#8220;][\/vc_column_inner][vc_column_inner width=&#8220;1\/2&#8243;][vc_column_text]<\/p>\n<h4 class=\"dt-text-title\">Endlich reich sein<\/h4>\n<div class=\"dt-text-desc\">Die 7 Schritte zur finanziellen Unabh\u00e4ngigkeit.<\/div>\n<p>[\/vc_column_text][dt_default_button link=&#8220;url:https%3A%2F%2Fwww.amazon.de%2FEndlich-reich-sein-finanziellen-Unabhngigkeit%2Fdp%2F3000667601%2F|target:_blank&#8220; button_alignment=&#8220;btn_right&#8220; css=&#8220;.vc_custom_1605384152186{margin-top: 29px !important;}&#8220;]Jetzt kaufen[\/dt_default_button][\/vc_column_inner][\/vc_row_inner][vc_row_inner css=&#8220;.vc_custom_1605383865141{padding: 25px !important;background-color: #f2f2f2 !important;}&#8220;][vc_column_inner width=&#8220;1\/2&#8243;][vc_single_image image=&#8220;53&#8243; img_size=&#8220;full&#8220; alignment=&#8220;right&#8220; onclick=&#8220;custom_link&#8220; img_link_target=&#8220;_blank&#8220; link=&#8220;https:\/\/www.amazon.de\/VerGOLDen-Sie-Geld-einzigartigen-Edelmetalldepots\/dp\/3000493549\/ref=sr_1_3&#8243;][\/vc_column_inner][vc_column_inner width=&#8220;1\/2&#8243;][vc_column_text]<\/p>\n<h4 class=\"dt-text-title\">VerGOLDen Sie Ihr GELD<\/h4>\n<div class=\"dt-text-desc\">Mit der Sicherheit des weltweit einzigartigen Edelmetalldepots.<\/div>\n<p>[\/vc_column_text][dt_default_button link=&#8220;url:https%3A%2F%2Fwww.amazon.de%2FVerGOLDen-Sie-Geld-einzigartigen-Edelmetalldepots%2Fdp%2F3000493549%2Fref%3Dsr_1_3||target:%20_blank|&#8220; button_alignment=&#8220;btn_right&#8220;]Jetzt kaufen[\/dt_default_button][\/vc_column_inner][\/vc_row_inner][vc_row_inner css=&#8220;.vc_custom_1605383884321{padding: 25px !important;background-color: #f2f2f2 !important;}&#8220;][vc_column_inner width=&#8220;1\/2&#8243;][vc_single_image image=&#8220;26&#8243; img_size=&#8220;full&#8220; alignment=&#8220;right&#8220; onclick=&#8220;custom_link&#8220; img_link_target=&#8220;_blank&#8220; link=&#8220;https:\/\/www.amazon.de\/diesen-goldenen-Empfehlungen-beREICHern-Verm%C3%B6gen\/dp\/3000500863\/ref=sr_1_2&#8243;][\/vc_column_inner][vc_column_inner width=&#8220;1\/2&#8243;][vc_column_text]<\/p>\n<h4 class=\"dt-text-title\">beREICHern<\/h4>\n<div class=\"dt-text-desc\">Mit diesen 7 goldenen Empfehlungen beREICHern Sie Ihr Verm\u00f6gen.<\/div>\n<p>[\/vc_column_text][dt_default_button link=&#8220;url:https%3A%2F%2Fwww.amazon.de%2Fdiesen-goldenen-Empfehlungen-beREICHern-Verm%25C3%25B6gen%2Fdp%2F3000500863%2Fref%3Dsr_1_2||target:%20_blank|&#8220; button_alignment=&#8220;btn_right&#8220;]Jetzt kaufen[\/dt_default_button][\/vc_column_inner][\/vc_row_inner][vc_row_inner css=&#8220;.vc_custom_1605383892644{padding: 25px !important;background-color: #f2f2f2 !important;}&#8220;][vc_column_inner width=&#8220;1\/2&#8243;][vc_single_image image=&#8220;54&#8243; img_size=&#8220;full&#8220; alignment=&#8220;right&#8220; onclick=&#8220;custom_link&#8220; img_link_target=&#8220;_blank&#8220; link=&#8220;https:\/\/www.amazon.de\/Zum-Gl%C3%BCck-gibt%C2%B4s-Gold-Sicherheit-ebook\/dp\/B00JQWKQ0C\/ref=sr_1_1&#8243;][\/vc_column_inner][vc_column_inner width=&#8220;1\/2&#8243;][vc_column_text]<\/p>\n<h4 class=\"dt-text-title\">Zum Gl\u00fcck gibt&#8217;s Gold<\/h4>\n<div class=\"dt-text-desc\">Mit Sicherheit in eine goldene Zukunft.<\/div>\n<p>[\/vc_column_text][dt_default_button link=&#8220;url:https%3A%2F%2Fwww.amazon.de%2FZum-Gl%25C3%25BCck-gibt%25C2%25B4s-Gold-Sicherheit-ebook%2Fdp%2FB00JQWKQ0C%2Fref%3Dsr_1_1||target:%20_blank|&#8220; button_alignment=&#8220;btn_right&#8220; css=&#8220;.vc_custom_1605384027600{margin-top: 26px !important;}&#8220;]Jetzt kaufen[\/dt_default_button][\/vc_column_inner][\/vc_row_inner][\/ultimate_carousel][\/vc_column][\/vc_row][vc_row css=&#8220;.vc_custom_1588025791537{margin-top: 25px !important;}&#8220; el_id=&#8220;social&#8220;][vc_column][vc_raw_html]JTNDaDMlMjAlMjBzdHlsZSUzRCUyMnRleHQtYWxpZ24lM0FjZW50ZXIlMjIlM0VTT0NJQUwlM0MlMkZoMyUzRSUwQSUwQSU1Qmluc3RhZ3JhbS1mZWVkJTVE[\/vc_raw_html][\/vc_column][\/vc_row][vc_row full_width=&#8220;stretch_row&#8220; css=&#8220;.vc_custom_1588025861580{background-color: #dadada !important;}&#8220; el_id=&#8220;contact&#8220;][vc_column][vc_raw_html css=&#8220;.vc_custom_1589402335638{margin-right: 75px !important;margin-left: 75px !important;}&#8220;]JTNDaDMlMjBzdHlsZSUzRCUyMnRleHQtYWxpZ24lM0FjZW50ZXIlMjIlM0VLT05UQUtUJTNDJTJGaDMlM0UlMEElMEElNUJjb250YWN0LWZvcm0tNyUyMGlkJTNEJTIyMjQlMjIlMjB0aXRsZSUzRCUyMktvbnRha3Rmb3JtdWxhciUyMDElMjIlNUQ=[\/vc_raw_html][\/vc_column][\/vc_row]<\/p>\n","protected":false},"excerpt":{"rendered":"<p>[vc_row css=&#8220;.vc_custom_1588025764280{margin-top: 50px !important;margin-right: 0px !important;margin-bottom: 50px !important;border-top-width: 0px !important;border-right-width: 0px !important;padding-top: 0px !important;padding-right: 0px !important;}&#8220; el_id=&#8220;about&#8220;][vc_column css=&#8220;.vc_custom_1588018298236{margin-top: 0px !important;padding-top: 0px !important;}&#8220;][vc_column_text] ABOUT MAO LAL ENTREPRENEUR \/ INVESTOR \/ AUTOR \u201eLeben kommt durch Erleben, alles Andere ist nur existieren!\u201c &#8211; Dabei handelt es sich um ein Motto, das Mao Lal bereits seit \u00fcber 17 Jahren [&hellip;]<\/p>\n","protected":false},"author":5,"featured_media":0,"parent":0,"menu_order":0,"comment_status":"closed","ping_status":"closed","template":"","meta":[],"_links":{"self":[{"href":"https:\/\/maolal.com\/de\/wp-json\/wp\/v2\/pages\/2"}],"collection":[{"href":"https:\/\/maolal.com\/de\/wp-json\/wp\/v2\/pages"}],"about":[{"href":"https:\/\/maolal.com\/de\/wp-json\/wp\/v2\/types\/page"}],"author":[{"embeddable":true,"href":"https:\/\/maolal.com\/de\/wp-json\/wp\/v2\/users\/5"}],"replies":[{"embeddable":true,"href":"https:\/\/maolal.com\/de\/wp-json\/wp\/v2\/comments?post=2"}],"version-history":[{"count":47,"href":"https:\/\/maolal.com\/de\/wp-json\/wp\/v2\/pages\/2\/revisions"}],"predecessor-version":[{"id":394,"href":"https:\/\/maolal.com\/de\/wp-json\/wp\/v2\/pages\/2\/revisions\/394"}],"wp:attachment":[{"href":"https:\/\/maolal.com\/de\/wp-json\/wp\/v2\/media?parent=2"}],"curies":[{"name":"wp","href":"https:\/\/api.w.org\/{rel}","templated":true}]}}